{"id":792,"date":"2017-01-05T12:41:37","date_gmt":"2017-01-05T11:41:37","guid":{"rendered":"http:\/\/pascalaussi.fr\/?page_id=792"},"modified":"2025-12-12T11:03:45","modified_gmt":"2025-12-12T10:03:45","slug":"jai-peine-perdue","status":"publish","type":"page","link":"https:\/\/pascalaussi.fr\/index.php\/jai-peine-perdue\/","title":{"rendered":"Peine perdue"},"content":{"rendered":"<p style=\"text-align: center;\">Je la nourrissais depuis des mois<br \/>\nLa trimballais partout avec moi<br \/>\nOn m\u2019en aura vu souffrir encore ces jours-ci<br \/>\nBref \u00e7a roulait sans souci<\/p>\n<p style=\"text-align: center;\">Quelqu\u2019un aura mis la main dessus<br \/>\nSans que je m\u2019en sois m\u00eame aper\u00e7u<br \/>\nJe ne veux pas croire, oh non, qu\u2019elle ait pu me l\u00e2cher<br \/>\nNous \u00e9tions si attach\u00e9s<\/p>\n<p style=\"text-align: center;\">Raison de pleurer qui tombe \u00e0 l\u2019eau<br \/>\nPlein soleil, plus une ombre au tableau<br \/>\nComment vais-je \u00e0 l\u2019avenir pouvoir g\u00e2cher ma vie<br \/>\nSi je n\u2019en ai plus envie ?<\/p>\n<p style=\"text-align: center;\">Amy Winehouse, John Lee Hooker<br \/>\nChez vous la douleur, c\u2019est du costaud<br \/>\nPlease, un bon conseil pour que j\u2019\u00e9limine au plus t\u00f4t<br \/>\nCe d\u00e9but de gait\u00e9 dans mon c\u0153ur<\/p>\n<p style=\"text-align: center;\">H\u00e9, Chopin, un Nocturne \u00e0 me jouer\u00a0?<br \/>\nBarbara, Cioran, au secours\u00a0!<br \/>\nJe ne le souhaite \u00e0 personne, \u00eatre ainsi pris de court<br \/>\nBienheureux, plaisantin, enjou\u00e9<\/p>\n<p style=\"text-align: center;\">S&rsquo;il me faut verser une ran\u00e7on<br \/>\nJe m\u2019en vais \u00e9crire une chanson<br \/>\nQue vous n\u2019avez pas fini de mouiller vos mouchoirs<br \/>\nAmis d\u00e9prim\u00e9s, bonsoir !<\/p>\n<p style=\"text-align: center;\">Mais la m\u00e9lodie bien qu\u2019en mineur<br \/>\nNe peut longtemps cacher mon bonheur<br \/>\nTous mes efforts de chagrin, mes s\u00e9ances de psy<br \/>\nAu final, c\u2019est comme si\u2026<\/p>\n<p style=\"text-align: center;\">Je me soulageais dans ma guitare<br \/>\nLa joie m&rsquo;envahit, tout est trop tard !<br \/>\nOn se veut inconsolable mais turlututu\u00a0!<br \/>\nCe n\u2019est que peine perdue<\/p>\n<p style=\"text-align: center;\"><em>Je la nourrissais depuis des mois<br \/>\n<\/em><em>La trimballais partout avec moi<br \/>\n<\/em><em>On m\u2019en aura vu souffrir encore ces jours-ci<br \/>\n<\/em><em>Bref \u00e7a roulait sans souci<\/em><\/p>\n<p style=\"text-align: center;\">Chopin, ton Nocturne, non merci<br \/>\nWinehouse, c\u2019\u00e9tait bien essay\u00e9<br \/>\nFinie la noirceur, j\u2019ai tous ces pl\u00e2tres \u00e0 essuyer<br \/>\n<em>C\u2019est comme une page blanche\u2026<br \/>\n<\/em>J\u2019attendais le jour et le voici<\/p>\n<p style=\"text-align: center;\"><img decoding=\"async\" loading=\"lazy\" class=\"alignnone wp-image-553\" src=\"https:\/\/pascalaussi.fr\/wp-content\/uploads\/2016\/11\/images-1.png\" alt=\"images\" width=\"77\" height=\"82\" \/><\/p>\n<p style=\"text-align: center;\"><em>Paroles : Pascal AUSSI<\/em><\/p>\n","protected":false},"excerpt":{"rendered":"<p>Je la nourrissais depuis des mois La trimballais partout avec moi On m\u2019en aura vu souffrir encore ces jours-ci Bref \u00e7a roulait sans souci Quelqu\u2019un aura mis la main dessus Sans que je m\u2019en sois m\u00eame aper\u00e7u Je ne veux pas croire, oh non, qu\u2019elle ait pu me l\u00e2cher Nous \u00e9tions si attach\u00e9s Raison de &hellip; <a href=\"https:\/\/pascalaussi.fr\/index.php\/jai-peine-perdue\/\" class=\"more-link\">Continuer la lecture de <span class=\"screen-reader-text\">Peine perdue<\/span><\/a><\/p>\n","protected":false},"author":2,"featured_media":0,"parent":0,"menu_order":0,"comment_status":"closed","ping_status":"closed","template":"","meta":[],"_links":{"self":[{"href":"https:\/\/pascalaussi.fr\/index.php\/wp-json\/wp\/v2\/pages\/792"}],"collection":[{"href":"https:\/\/pascalaussi.fr\/index.php\/wp-json\/wp\/v2\/pages"}],"about":[{"href":"https:\/\/pascalaussi.fr\/index.php\/wp-json\/wp\/v2\/types\/page"}],"author":[{"embeddable":true,"href":"https:\/\/pascalaussi.fr\/index.php\/wp-json\/wp\/v2\/users\/2"}],"replies":[{"embeddable":true,"href":"https:\/\/pascalaussi.fr\/index.php\/wp-json\/wp\/v2\/comments?post=792"}],"version-history":[{"count":9,"href":"https:\/\/pascalaussi.fr\/index.php\/wp-json\/wp\/v2\/pages\/792\/revisions"}],"predecessor-version":[{"id":4860,"href":"https:\/\/pascalaussi.fr\/index.php\/wp-json\/wp\/v2\/pages\/792\/revisions\/4860"}],"wp:attachment":[{"href":"https:\/\/pascalaussi.fr\/index.php\/wp-json\/wp\/v2\/media?parent=792"}],"curies":[{"name":"wp","href":"https:\/\/api.w.org\/{rel}","templated":true}]}}