{"id":800,"date":"2017-01-05T13:31:58","date_gmt":"2017-01-05T12:31:58","guid":{"rendered":"http:\/\/pascalaussi.fr\/?page_id=800"},"modified":"2025-11-21T19:20:40","modified_gmt":"2025-11-21T18:20:40","slug":"seconde-mi-temps","status":"publish","type":"page","link":"https:\/\/pascalaussi.fr\/index.php\/seconde-mi-temps\/","title":{"rendered":"Seconde mi-temps"},"content":{"rendered":"<!--[if lt IE 9]><script>document.createElement('audio');<\/script><![endif]-->\n<audio class=\"wp-audio-shortcode\" id=\"audio-800-1\" preload=\"none\" style=\"width: 100%;\" controls=\"controls\"><source type=\"audio\/mpeg\" src=\"https:\/\/pascalaussi.fr\/wp-content\/uploads\/2023\/06\/Seconde-mi-temps.mp3?_=1\" \/><a href=\"https:\/\/pascalaussi.fr\/wp-content\/uploads\/2023\/06\/Seconde-mi-temps.mp3\">https:\/\/pascalaussi.fr\/wp-content\/uploads\/2023\/06\/Seconde-mi-temps.mp3<\/a><\/audio>\n<p style=\"text-align: center;\">J\u2019ai quitt\u00e9 mon short pour un pantalon<br \/>\n\u00c7a fait d\u00e9j\u00e0 pas mal d\u2019ann\u00e9es<br \/>\nM\u00eame si j&rsquo;arrive \u00e0 me cramponner<br \/>\nLa partie, c\u2019est selon<br \/>\nY a des jours, c\u2019est trop long<br \/>\nJ\u2019ai plus grand espoir de gagner<br \/>\nJ&rsquo;ai quitt\u00e9 mon short pour un pantalon<\/p>\n<p style=\"text-align: left;\">Au plein c\u0153ur de l\u2019action, on m\u2019a pas vu souvent<br \/>\nJe chantonnais, le nez au vent<br \/>\nSans souci du temps \u00e9coul\u00e9<br \/>\nBallon envol\u00e9\u00a0!<br \/>\nD\u00e8s que je me dis \u00ab\u00a0Faudrait se mettre \u00e0 jouer pour de bon\u00a0\u00bb<br \/>\nY a cette petite voix qui r\u00e9pond<br \/>\n\u00ab\u00a0Un jour ou l\u2019autre, \u00e7a va siffler\u00a0\u00bb<\/p>\n<p style=\"text-align: center;\">J&rsquo;ai quitt\u00e9 mon short pour un pantalon<br \/>\n\u00c7a fait d\u00e9j\u00e0 pas mal d&rsquo;ann\u00e9es<br \/>\nAux mauvaises passes. je suis abonn\u00e9<br \/>\nLa partie, c&rsquo;est selon<br \/>\nJ&rsquo;y vais presque \u00e0 reculons<br \/>\nT&rsquo;en connais, toi, des passionn\u00e9s ?<br \/>\nJ&rsquo;ai quitt\u00e9 mon short pour un pantalon<\/p>\n<p style=\"text-align: left;\">Foutues r\u00e8gles du jeu arrang\u00e9es par chacun<br \/>\nR\u00eaves de gloire, app\u00e2t du gain<br \/>\nSi au moins les coups \u00e9taient francs<br \/>\nMais serrons les rangs\u00a0!<br \/>\nOn est combien, \u00e0 trottiner comme \u00e7a sans but<br \/>\nPas plus avanc\u00e9 qu\u2019au d\u00e9but<br \/>\nLa vie d\u2019un homme, mod\u00e8le courant<\/p>\n<p style=\"text-align: left;\">\u00a0 \u00a0 \u00a0 \u00a0Avec tous ces coups de pied qui se perdent, comment veux-tu ?<br \/>\nJ\u2019aurais pourtant bien aim\u00e9<br \/>\nVous faire regagner du terrain, causes perdues<br \/>\nMais\u2026<\/p>\n<p style=\"text-align: center;\">J\u2019ai quitt\u00e9 mon short pour un pantalon<br \/>\n\u00c7a fait d\u00e9j\u00e0 pas mal d\u2019ann\u00e9es<br \/>\nM\u00e9tro, boulot, dodo, kin\u00e9<br \/>\nLa partie, c\u2019est selon<br \/>\nY a des jours, c\u2019est si long<br \/>\nRappelez-moi ce qu\u2019y a \u00e0 gagner<\/p>\n<p style=\"text-align: center;\">Cinquante balais et des poussi\u00e8res<br \/>\nC\u2019est \u00e0 peine si des fois je touche encore le ballon<br \/>\nC\u2019est souvent que je pense au vestiaire<\/p>\n<p style=\"text-align: center;\"><img decoding=\"async\" loading=\"lazy\" class=\"alignnone  wp-image-553\" src=\"https:\/\/pascalaussi.fr\/wp-content\/uploads\/2016\/11\/images-1.png\" alt=\"images\" width=\"77\" height=\"82\" \/><\/p>\n<p style=\"text-align: center;\"><em>Paroles : Pascal AUSSI<br \/>\nMusique : Olivier DELGUTTE<\/em><\/p>\n","protected":false},"excerpt":{"rendered":"<p>J\u2019ai quitt\u00e9 mon short pour un pantalon \u00c7a fait d\u00e9j\u00e0 pas mal d\u2019ann\u00e9es M\u00eame si j&rsquo;arrive \u00e0 me cramponner La partie, c\u2019est selon Y a des jours, c\u2019est trop long J\u2019ai plus grand espoir de gagner J&rsquo;ai quitt\u00e9 mon short pour un pantalon Au plein c\u0153ur de l\u2019action, on m\u2019a pas vu souvent Je chantonnais, &hellip; <a href=\"https:\/\/pascalaussi.fr\/index.php\/seconde-mi-temps\/\" class=\"more-link\">Continuer la lecture de <span class=\"screen-reader-text\">Seconde mi-temps<\/span><\/a><\/p>\n","protected":false},"author":2,"featured_media":0,"parent":0,"menu_order":0,"comment_status":"closed","ping_status":"closed","template":"","meta":[],"_links":{"self":[{"href":"https:\/\/pascalaussi.fr\/index.php\/wp-json\/wp\/v2\/pages\/800"}],"collection":[{"href":"https:\/\/pascalaussi.fr\/index.php\/wp-json\/wp\/v2\/pages"}],"about":[{"href":"https:\/\/pascalaussi.fr\/index.php\/wp-json\/wp\/v2\/types\/page"}],"author":[{"embeddable":true,"href":"https:\/\/pascalaussi.fr\/index.php\/wp-json\/wp\/v2\/users\/2"}],"replies":[{"embeddable":true,"href":"https:\/\/pascalaussi.fr\/index.php\/wp-json\/wp\/v2\/comments?post=800"}],"version-history":[{"count":12,"href":"https:\/\/pascalaussi.fr\/index.php\/wp-json\/wp\/v2\/pages\/800\/revisions"}],"predecessor-version":[{"id":3920,"href":"https:\/\/pascalaussi.fr\/index.php\/wp-json\/wp\/v2\/pages\/800\/revisions\/3920"}],"wp:attachment":[{"href":"https:\/\/pascalaussi.fr\/index.php\/wp-json\/wp\/v2\/media?parent=800"}],"curies":[{"name":"wp","href":"https:\/\/api.w.org\/{rel}","templated":true}]}}