{"id":809,"date":"2017-01-05T13:52:23","date_gmt":"2017-01-05T12:52:23","guid":{"rendered":"http:\/\/pascalaussi.fr\/?page_id=809"},"modified":"2026-05-06T15:51:07","modified_gmt":"2026-05-06T13:51:07","slug":"robinson","status":"publish","type":"page","link":"https:\/\/pascalaussi.fr\/index.php\/robinson\/","title":{"rendered":"Robinson"},"content":{"rendered":"\n<p class=\"has-text-align-center\"><em>Chanson confi\u00e9e \u00e0 Vincent P\u00e9rier, r\u00e9alisation en cours<\/em><\/p>\n\n\n<p style=\"text-align: center;\">La plage \u00e9tait en plein midi<br \/>On aurait dit le Paradis<br \/>Tant le sable \u00e9tait tendre<br \/>Tant le bonheur semblait acquis<br \/>Tout naturellement \u00e0 qui<br \/>Venait \u00e0 s\u2019y \u00e9tendre<\/p>\n<p style=\"text-align: center;\">La mer\u2026 \u00e0 s\u2019en d\u00e9boussoler<br \/>Et tout ce ciel \u00e0 contempler<br \/>Sans tache d\u2019ombre aucune<br \/>Les jours heureux que nous coulions<br \/>Plus riches que tous les galions<br \/>Du fond de la lagune<\/p>\n<p style=\"text-align: center;\">Alors\u2026<br \/>Est-ce le clapotis de l\u2019eau<br \/>Par trop discret<br \/>Quand lui ne r\u00eavait en secret<br \/>Pour ce tableau<br \/>Que de vagues de tous les diables<br \/>Ou est-ce ma foi qu\u2019ici-bas<br \/>\u00catre femme au Paradis ne va pas<br \/>Sans poser d\u00e9cid\u00e9ment de probl\u00e8me irr\u00e9m\u00e9diable\u00a0?<\/p>\n<p style=\"text-align: center;\">Vint un jour, ce cadre gracieux<br \/>A paru tout perdre \u00e0 ses yeux<br \/>De son charme sauvage<br \/>Il a rembarqu\u00e9 ses ballots<br \/>Et s\u2019en est d\u00e9sert\u00e9 l\u2019\u00eelot<br \/>Pour de nouveaux rivages<\/p>\n<p style=\"text-align: center;\">Combien de temps ai-je pleur\u00e9<br \/>\u00c0 guetter ce que la mar\u00e9e<br \/>Ramenait \u00e0 la gr\u00e8ve\u00a0?<br \/>Combien de fois au point du soir<br \/>Sur les brisants ai-je pu voir<br \/>S\u2019ab\u00eemer tous nos r\u00eaves\u00a0?<\/p>\n<p style=\"text-align: center;\">Et puis\u2026<br \/>Un beau matin de calme plat<br \/>Je l\u2019ai trouv\u00e9<br \/>Tra\u00eenant tel un tambour crev\u00e9<br \/>Il \u00e9tait l\u00e0<br \/>C\u2019est \u00e0 peine reconnaissable<br \/>Tant \u00e9tait min\u00e9 par le sel<br \/>Son cou son ventre ses yeux et ses ailes<br \/>D\u00e9pouille en une semaine ensevelie sous le sable<\/p>\n<p style=\"text-align: center;\">Oiseau mort tout comme l\u2019amour<br \/>Enfoui sous le sable des jours<br \/>D\u2019une plage des \u00eeles<br \/>Amour mort tout comme l\u2019oiseau<br \/>Rong\u00e9 par le sel de ses eaux<br \/>Qui perlait \u00e0 mes cils<\/p>\n<p style=\"text-align: center;\">Sel et sable larmes et temps<br \/>Aussi loin que la vue s\u2019\u00e9tend<br \/>Que de c\u0153urs en d\u00e9rive<br \/>Que de sillages dans l\u2019azur<br \/>Dont le trac\u00e9 n\u2019est plus tr\u00e8s s\u00fbr<br \/>Et de Robinson plein les rives<\/p>\n<p style=\"text-align: left;\"><img decoding=\"async\" loading=\"lazy\" class=\"alignnone  wp-image-553 aligncenter\" src=\"https:\/\/pascalaussi.fr\/wp-content\/uploads\/2016\/11\/images-1.png\" alt=\"images\" width=\"77\" height=\"82\" \/><\/p>\n<p style=\"text-align: center;\"><em>Paroles : Pascal AUSSI<br \/>Musique : Olivier DELGUTTE<\/em><\/p>\n\n\n<p><\/p>\n","protected":false},"excerpt":{"rendered":"<p>Chanson confi\u00e9e \u00e0 Vincent P\u00e9rier, r\u00e9alisation en cours La plage \u00e9tait en plein midiOn aurait dit le ParadisTant le sable \u00e9tait tendreTant le bonheur semblait acquisTout naturellement \u00e0 quiVenait \u00e0 s\u2019y \u00e9tendre La mer\u2026 \u00e0 s\u2019en d\u00e9boussolerEt tout ce ciel \u00e0 contemplerSans tache d\u2019ombre aucuneLes jours heureux que nous coulionsPlus riches que tous les galionsDu &hellip; <a href=\"https:\/\/pascalaussi.fr\/index.php\/robinson\/\" class=\"more-link\">Continuer la lecture de <span class=\"screen-reader-text\">Robinson<\/span><\/a><\/p>\n","protected":false},"author":2,"featured_media":0,"parent":0,"menu_order":0,"comment_status":"closed","ping_status":"closed","template":"","meta":[],"_links":{"self":[{"href":"https:\/\/pascalaussi.fr\/index.php\/wp-json\/wp\/v2\/pages\/809"}],"collection":[{"href":"https:\/\/pascalaussi.fr\/index.php\/wp-json\/wp\/v2\/pages"}],"about":[{"href":"https:\/\/pascalaussi.fr\/index.php\/wp-json\/wp\/v2\/types\/page"}],"author":[{"embeddable":true,"href":"https:\/\/pascalaussi.fr\/index.php\/wp-json\/wp\/v2\/users\/2"}],"replies":[{"embeddable":true,"href":"https:\/\/pascalaussi.fr\/index.php\/wp-json\/wp\/v2\/comments?post=809"}],"version-history":[{"count":19,"href":"https:\/\/pascalaussi.fr\/index.php\/wp-json\/wp\/v2\/pages\/809\/revisions"}],"predecessor-version":[{"id":5319,"href":"https:\/\/pascalaussi.fr\/index.php\/wp-json\/wp\/v2\/pages\/809\/revisions\/5319"}],"wp:attachment":[{"href":"https:\/\/pascalaussi.fr\/index.php\/wp-json\/wp\/v2\/media?parent=809"}],"curies":[{"name":"wp","href":"https:\/\/api.w.org\/{rel}","templated":true}]}}