{"id":819,"date":"2017-01-05T14:13:40","date_gmt":"2017-01-05T13:13:40","guid":{"rendered":"http:\/\/pascalaussi.fr\/?page_id=819"},"modified":"2020-02-29T15:42:02","modified_gmt":"2020-02-29T14:42:02","slug":"rapprochement-a-eviter","status":"publish","type":"page","link":"https:\/\/pascalaussi.fr\/index.php\/rapprochement-a-eviter\/","title":{"rendered":"Rapprochement \u00e0 \u00e9viter"},"content":{"rendered":"<p style=\"text-align: left;\">Paul et Mick, faut-il y voir fatalit\u00e9\u00a0?<br \/>\nPaul et Mick font rien que se disputer<\/p>\n<p style=\"text-align: left;\">Paul et Mick, s\u00fbr qu\u2019on aurait d\u00fb s\u2019en douter<br \/>\nPaul et Mick font rien que se disputer<\/p>\n<p style=\"text-align: left;\"><em>Les chos<\/em><em>es ont commenc\u00e9 quand ils \u00e9taient gamins<br \/>\n\u00c0 la moindre broutille ils en venaient aux mains<\/em><\/p>\n<p style=\"text-align: left;\">Paul et Mick, Dieu sait quand \u00e7a va s\u2019arr\u00eater<br \/>\nPaul et Mick font rien que se disputer<\/p>\n<p style=\"text-align: left;\"><strong>Y a des pr\u00e9noms, c\u2019est pas qu\u2019ils soient durs \u00e0 porter<br \/>\nMais leur rapproch<\/strong><strong>ement est \u00e0 \u00e9viter<\/strong><\/p>\n<p style=\"text-align: left;\">Paul et Mick, l\u2019un est une vraie teigne ent\u00eat\u00e9e<br \/>\nPaul et Mick font rien que se disputer<\/p>\n<p style=\"text-align: left;\">Paul et Mick, l\u2019autre, une soupe au lait patent\u00e9e<br \/>\nPaul et Mick font rien que se disputer<\/p>\n<p style=\"text-align: left;\"><em>Et m\u00eam<\/em><em>e s\u2019ils se saluent, grand sourire, attention\u00a0!<br \/>\nRangez vit<\/em><em>e les bib<\/em><em>elots, les bouteill<\/em><em>es, les b\u00e2tons\u00a0!<\/em><\/p>\n<p style=\"text-align: left;\">Paul et Mick, \u00e7a, pour l\u2019ambiance, on est g\u00e2t\u00e9<br \/>\nPaul et Mick font rien que se disputer<\/p>\n<p>&#8230;<\/p>\n<p style=\"text-align: left;\">Paul et Mick, c\u2019est d\u2019un p\u00e9nible en soci\u00e9t\u00e9\u00a0!<br \/>\nPaul et Mick font rien que se disputer<\/p>\n<p style=\"text-align: left;\">Paul et Mick, de gros d\u00e9g\u00e2ts \u00e0 constater\u00a0!<br \/>\nPaul et Mick font rien que se disputer<\/p>\n<p style=\"text-align: left;\"><em>Heureux qu\u2019ils soient rest\u00e9s tous les deux vieux gar\u00e7ons<br \/>\nIls oblig<\/em><em>eraient leurs femm<\/em><em>es \u00e0 se cr\u00eaper l<\/em><em>e chignon\u00a0!<\/em><\/p>\n<p style=\"text-align: left;\">Paul et Mick, la derni\u00e8re, on t\u2019a racont\u00e9\u00a0?<br \/>\nPaul et Mick font rien que se disputer<\/p>\n<p style=\"text-align: left;\"><strong>Y a des pr\u00e9noms, c\u2019est pas qu\u2019ils soient durs \u00e0 porter<br \/>\nMais leur rapproch<\/strong><strong>ement est \u00e0 \u00e9viter<\/strong><\/p>\n<p style=\"text-align: left;\">Paul et Mick, ce qu\u2019ils adorent, c\u2019est se d\u00e9tester<br \/>\nPaul et Mick font rien que se disputer<\/p>\n<p style=\"text-align: left;\">Paul et Mick, frappantes comme personnalit\u00e9s\u00a0!<br \/>\nPaul et Mick font rien que se disputer<\/p>\n<p style=\"text-align: left;\">Paul et Mick, automne, hiver, printemps, \u00e9t\u00e9<br \/>\nPaul et Mick font rien que se disputer<\/p>\n<p style=\"text-align: center;\"><img decoding=\"async\" loading=\"lazy\" class=\"alignnone  wp-image-553\" src=\"https:\/\/pascalaussi.fr\/wp-content\/uploads\/2016\/11\/images-1.png\" alt=\"images\" width=\"77\" height=\"82\" \/><\/p>\n<p style=\"text-align: center;\"><em>Paroles et musique : Pascal AUSSI<\/em><\/p>\n","protected":false},"excerpt":{"rendered":"<p>Paul et Mick, faut-il y voir fatalit\u00e9\u00a0? Paul et Mick font rien que se disputer Paul et Mick, s\u00fbr qu\u2019on aurait d\u00fb s\u2019en douter Paul et Mick font rien que se disputer Les choses ont commenc\u00e9 quand ils \u00e9taient gamins \u00c0 la moindre broutille ils en venaient aux mains Paul et Mick, Dieu sait quand &hellip; <a href=\"https:\/\/pascalaussi.fr\/index.php\/rapprochement-a-eviter\/\" class=\"more-link\">Continuer la lecture de <span class=\"screen-reader-text\">Rapprochement \u00e0 \u00e9viter<\/span><\/a><\/p>\n","protected":false},"author":2,"featured_media":0,"parent":0,"menu_order":0,"comment_status":"closed","ping_status":"closed","template":"","meta":[],"_links":{"self":[{"href":"https:\/\/pascalaussi.fr\/index.php\/wp-json\/wp\/v2\/pages\/819"}],"collection":[{"href":"https:\/\/pascalaussi.fr\/index.php\/wp-json\/wp\/v2\/pages"}],"about":[{"href":"https:\/\/pascalaussi.fr\/index.php\/wp-json\/wp\/v2\/types\/page"}],"author":[{"embeddable":true,"href":"https:\/\/pascalaussi.fr\/index.php\/wp-json\/wp\/v2\/users\/2"}],"replies":[{"embeddable":true,"href":"https:\/\/pascalaussi.fr\/index.php\/wp-json\/wp\/v2\/comments?post=819"}],"version-history":[{"count":7,"href":"https:\/\/pascalaussi.fr\/index.php\/wp-json\/wp\/v2\/pages\/819\/revisions"}],"predecessor-version":[{"id":1809,"href":"https:\/\/pascalaussi.fr\/index.php\/wp-json\/wp\/v2\/pages\/819\/revisions\/1809"}],"wp:attachment":[{"href":"https:\/\/pascalaussi.fr\/index.php\/wp-json\/wp\/v2\/media?parent=819"}],"curies":[{"name":"wp","href":"https:\/\/api.w.org\/{rel}","templated":true}]}}