{"id":999,"date":"2018-04-23T11:50:35","date_gmt":"2018-04-23T09:50:35","guid":{"rendered":"http:\/\/pascalaussi.fr\/?page_id=999"},"modified":"2024-09-29T17:16:21","modified_gmt":"2024-09-29T15:16:21","slug":"lenregistrement","status":"publish","type":"page","link":"https:\/\/pascalaussi.fr\/index.php\/lenregistrement\/","title":{"rendered":"le son"},"content":{"rendered":"<p><img decoding=\"async\" class=\"aligncenter size-full wp-image-4791\" src=\"https:\/\/pascalaussi.files.wordpress.com\/2010\/01\/balalaicc88ka.jpg?w=480\" sizes=\"(max-width: 221px) 100vw, 221px\" srcset=\"https:\/\/pascalaussi.files.wordpress.com\/2010\/01\/balalaicc88ka.jpg 221w, https:\/\/pascalaussi.files.wordpress.com\/2010\/01\/balalaicc88ka.jpg?w=145 145w\" alt=\"balalai% cc% 88ka\"><\/p>\n<p style=\"text-align: center;\"><span style=\"vertical-align: inherit;\"><span style=\"vertical-align: inherit;\"><span style=\"vertical-align: inherit;\">Instruments utilis\u00e9s<\/span><\/span><\/span><\/p>\n<p style=\"text-align: center;\"><span style=\"vertical-align: inherit;\"><span style=\"vertical-align: inherit;\"><span style=\"vertical-align: inherit;\">accordina <\/span><\/span><\/span><br><span style=\"vertical-align: inherit;\"><span style=\"vertical-align: inherit;\"><span style=\"vertical-align: inherit;\">bandon\u00e9on <\/span><\/span><\/span><br><span style=\"vertical-align: inherit;\"><span style=\"vertical-align: inherit;\"><span style=\"vertical-align: inherit;\">balala\u00efka prima <\/span><\/span><\/span><br><span style=\"vertical-align: inherit;\"><span style=\"vertical-align: inherit;\"><span style=\"vertical-align: inherit;\">balala\u00efka alto <\/span><\/span><\/span><br><span style=\"vertical-align: inherit;\"><span style=\"vertical-align: inherit;\"><span style=\"vertical-align: inherit;\">balala\u00efka minibasse <\/span><\/span><\/span><br><span style=\"vertical-align: inherit;\"><span style=\"vertical-align: inherit;\"><span style=\"vertical-align: inherit;\">contrebalala\u00efka<\/span><\/span><\/span><br><span style=\"vertical-align: inherit;\"><span style=\"vertical-align: inherit;\"> basse \u00e9lectrique <\/span><\/span><br><span style=\"vertical-align: inherit;\"><span style=\"vertical-align: inherit;\"><span style=\"vertical-align: inherit;\">batterie <\/span><\/span><\/span><br><span style=\"vertical-align: inherit;\"><span style=\"vertical-align: inherit;\"><span style=\"vertical-align: inherit;\">carillons&nbsp;<\/span><\/span><\/span><br><span style=\"vertical-align: inherit;\"><span style=\"vertical-align: inherit;\"><span style=\"vertical-align: inherit;\">contrebasse <\/span><\/span><\/span><br><span style=\"vertical-align: inherit;\"><span style=\"vertical-align: inherit;\"><span style=\"vertical-align: inherit;\">fl\u00fbte \u00e0 bec soprano <\/span><\/span><\/span><br><span style=\"vertical-align: inherit;\"><span style=\"vertical-align: inherit;\"><span style=\"vertical-align: inherit;\">fl\u00fbte \u00e0 bec t\u00e9nor <\/span><\/span><\/span><br><span style=\"vertical-align: inherit;\"><span style=\"vertical-align: inherit;\"><span style=\"vertical-align: inherit;\">guitare classique <\/span><\/span><\/span><br><span style=\"vertical-align: inherit;\"><span style=\"vertical-align: inherit;\"><span style=\"vertical-align: inherit;\">guitare \u00e9lectrique <\/span><\/span><\/span><br><span style=\"vertical-align: inherit;\"><span style=\"vertical-align: inherit;\"><span style=\"vertical-align: inherit;\">guitare folk<\/span><\/span><\/span><br><span style=\"vertical-align: inherit;\"><span style=\"vertical-align: inherit;\"><span style=\"vertical-align: inherit;\">guitare jazz <\/span><\/span><\/span><br><span style=\"vertical-align: inherit;\"><span style=\"vertical-align: inherit;\"><span style=\"vertical-align: inherit;\">orgue <\/span><\/span><\/span><br><span style=\"vertical-align: inherit;\"><span style=\"vertical-align: inherit;\"><span style=\"vertical-align: inherit;\">piano (s) <\/span><\/span><\/span><br><span style=\"vertical-align: inherit;\"><span style=\"vertical-align: inherit;\"><span style=\"vertical-align: inherit;\">violon <\/span><\/span><\/span><br><span style=\"vertical-align: inherit;\"><span style=\"vertical-align: inherit;\"><span style=\"vertical-align: inherit;\">violoncelles<\/span><\/span><\/span><\/p>\n\n<div class=\"wp-block-image\">\n<figure class=\"aligncenter size-large is-resized\"><img decoding=\"async\" loading=\"lazy\" src=\"https:\/\/pascalaussi.fr\/wp-content\/uploads\/2020\/02\/image-10-700x467.png\" alt=\"\" class=\"wp-image-1325\" width=\"177\" height=\"118\" srcset=\"https:\/\/pascalaussi.fr\/wp-content\/uploads\/2020\/02\/image-10-700x467.png 700w, https:\/\/pascalaussi.fr\/wp-content\/uploads\/2020\/02\/image-10-300x200.png 300w, https:\/\/pascalaussi.fr\/wp-content\/uploads\/2020\/02\/image-10-768x512.png 768w, https:\/\/pascalaussi.fr\/wp-content\/uploads\/2020\/02\/image-10.png 859w\" sizes=\"(max-width: 177px) 100vw, 177px\" \/><\/figure><\/div>\n\n\n<p class=\"has-text-align-center\">H\u00e9lo\u00efse Lefebvre<\/p>\n\n\n\n<p class=\"has-text-align-left\"><em>Au commencement \u00e9tait le Verbe\u2026 <\/em><br>Le com\u00e9dien <strong>Bernard Meulien<\/strong> enregistre le po\u00e8me <strong><em>Le Temps est un oiseau<\/em><\/strong> qui sera comme un fil conducteur qu&rsquo;on croise quatre fois &#8211; quatre \u00e2ges, quatre saisons, quatre moments du jour &#8211; <br>Quatorze autre morceaux  sur le th\u00e8me du Temps sont au sommaire, <br>la plupart mis au point avec un musicien r\u00e9cemment rencontr\u00e9, le <br>pianiste <strong>Tony Baker<\/strong>. <br>Et les choses se font avec la participation amicale de quelques <br>complices de longue date et quelques nouveaux venus. <br>Pascal chante neuf chansons et cinq sont confi\u00e9s \u00e0 d&rsquo;autres interpr\u00e8tes, le pari \u00e9tant que cette ouverture &#8211; qu&rsquo;on trouve aussi dans le traitement musical &#8211; ne nuise pas \u00e0 la coh\u00e9rence.<\/p>\n\n\n<div class=\"wp-block-image\">\n<figure class=\"aligncenter size-large is-resized\"><img decoding=\"async\" loading=\"lazy\" src=\"https:\/\/pascalaussi.fr\/wp-content\/uploads\/2020\/02\/image-9-700x527.png\" alt=\"\" class=\"wp-image-1323\" width=\"183\" height=\"138\" srcset=\"https:\/\/pascalaussi.fr\/wp-content\/uploads\/2020\/02\/image-9-700x527.png 700w, https:\/\/pascalaussi.fr\/wp-content\/uploads\/2020\/02\/image-9-300x226.png 300w, https:\/\/pascalaussi.fr\/wp-content\/uploads\/2020\/02\/image-9-768x578.png 768w, https:\/\/pascalaussi.fr\/wp-content\/uploads\/2020\/02\/image-9.png 876w\" sizes=\"(max-width: 183px) 100vw, 183px\" \/><\/figure><\/div>\n\n\n<p class=\"has-text-align-center\">Bernard Meulien<\/p>\n\n\n\n<p class=\"has-text-align-center\">Revue des chansons de l&rsquo;album en <br>commen\u00e7ant par celles confi\u00e9es \u00e0 d&rsquo;autres<\/p>\n\n\n\n<p>      <em><strong>La danse de fin d&rsquo;ann\u00e9e<\/strong><\/em> racont\u00e9e sur fond de cordes par  <strong>Vincent <\/strong><br><strong>Loiseau<\/strong> &#8211; que les plus jeunes connaissent davantage sous le nom de <strong>Kwal<\/strong> &#8211;<\/p>\n\n\n<div class=\"wp-block-image\">\n<figure class=\"aligncenter size-large is-resized\"><img decoding=\"async\" loading=\"lazy\" src=\"https:\/\/pascalaussi.fr\/wp-content\/uploads\/2020\/02\/Kwal-Vincent-Loiseau.png\" alt=\"\" class=\"wp-image-1343\" width=\"166\" height=\"72\" srcset=\"https:\/\/pascalaussi.fr\/wp-content\/uploads\/2020\/02\/Kwal-Vincent-Loiseau.png 614w, https:\/\/pascalaussi.fr\/wp-content\/uploads\/2020\/02\/Kwal-Vincent-Loiseau-300x129.png 300w\" sizes=\"(max-width: 166px) 100vw, 166px\" \/><\/figure><\/div>\n\n\n<p class=\"has-text-align-center\">Vincent Loiseau<\/p>\n\n\n\n<p><em><strong>L&rsquo;oeil de la nuit<\/strong> <\/em>par <strong>St\u00e9phane Dambry<\/strong>, qui en signe la musique et y met, avec une instrumentation ad hoc, le phras\u00e9 folk-rock qu&rsquo;on lui connait<\/p>\n\n\n\n<p><em><strong>Pour un soir <\/strong><\/em>o\u00f9 <strong>Susy Firth<\/strong> nous fait la surprise de ne pas \u00eatre tout \u00e0 fait dans son timbre habituel afin de respecter la tonalit\u00e9 choisie par <strong>Beethoven<\/strong>.<\/p>\n\n\n\n<p><strong><em>Parcours fl\u00e9ch\u00e9 <\/em><\/strong>par une autre chanteuse britannique, <strong>Liz Hanaway<\/strong>, dans ce qui pourrait \u00eatre un standard &#8211; th\u00e8me et format court &#8211; musique de Tony Baker.<\/p>\n\n\n\n<p><em><strong>\u00c9ph\u00e9m\u00e9rides <\/strong><\/em>par <strong>Bastien Moh<\/strong>, qui avec son complice Quentin Chevrier donne plus qu&rsquo;une interpr\u00e9tation, fait une cr\u00e9ation vraiment originale de cette chanson que Pascal, bien qu&rsquo;en signant les paroles et la musique, ne savait de son propre aveu comment traiter.<\/p>\n\n\n<div class=\"wp-block-image\">\n<figure class=\"aligncenter size-large is-resized\"><img decoding=\"async\" loading=\"lazy\" src=\"https:\/\/pascalaussi.fr\/wp-content\/uploads\/2020\/02\/image-12.png\" alt=\"\" class=\"wp-image-1341\" width=\"117\" height=\"89\" srcset=\"https:\/\/pascalaussi.fr\/wp-content\/uploads\/2020\/02\/image-12.png 673w, https:\/\/pascalaussi.fr\/wp-content\/uploads\/2020\/02\/image-12-300x227.png 300w\" sizes=\"(max-width: 117px) 100vw, 117px\" \/><\/figure><\/div>\n\n\n<p class=\"has-text-align-center\">Restent donc neuf titres par <strong>Pascal Aussi<\/strong><\/p>\n\n\n\n<p>Deux &#8211; <em><strong>Longue \u00e9chapp\u00e9e<\/strong><\/em> en intro et <em><strong>O\u00eb<\/strong><\/em> en extro &#8211; de toute \u00e9vidence parmi les plus intimes, sont dans la nudit\u00e9 du piano\/voix.<br>Dans <strong><em>O\u00eb<\/em><\/strong>, la voix qu&rsquo;on entend en r\u00e9ponse est celle d&rsquo;<strong>Annick Mestre<\/strong>, chef de choeur des KAMs de Concarneau, et dans <strong><em>Longue \u00e9chapp\u00e9e<\/em><\/strong>, c&rsquo;est <strong>R\u00e9mo Gary<\/strong> qu&rsquo;on d\u00e9couvre surplombant la chanson.<\/p>\n\n\n<div class=\"wp-block-image\">\n<figure class=\"aligncenter size-large is-resized\"><img decoding=\"async\" loading=\"lazy\" src=\"https:\/\/pascalaussi.fr\/wp-content\/uploads\/2020\/02\/image-11-700x466.png\" alt=\"\" class=\"wp-image-1333\" width=\"211\" height=\"141\" srcset=\"https:\/\/pascalaussi.fr\/wp-content\/uploads\/2020\/02\/image-11-700x466.png 700w, https:\/\/pascalaussi.fr\/wp-content\/uploads\/2020\/02\/image-11-300x200.png 300w, https:\/\/pascalaussi.fr\/wp-content\/uploads\/2020\/02\/image-11-768x511.png 768w, https:\/\/pascalaussi.fr\/wp-content\/uploads\/2020\/02\/image-11.png 1333w\" sizes=\"(max-width: 211px) 100vw, 211px\" \/><\/figure><\/div>\n\n\n<p class=\"has-text-align-center\">Tony Baker<\/p>\n\n\n\n<p>M\u00eame parti pris de clart\u00e9 avec <strong><em>Un secret de Polichinelle<\/em><\/strong>, familial aussi et accompagn\u00e9 d&rsquo;une seule contrebasse.<\/p>\n\n\n\n<p>Pas grande instrumentation non plus sur les deux titres que Pascal fait \u00e0 la guitare &#8211; carillons, fl\u00fbtes douces et voix d&rsquo;enfant (malicieuse <strong>Bluette<\/strong>) pour <strong><em>Pomme douce<\/em><\/strong>, accordina et bandon\u00e9on pour <strong><em>Ne change pas demain<\/em><\/strong> &#8211;<\/p>\n\n\n\n<p><strong><em>L&rsquo;heure de rester<\/em><\/strong> et <strong><em>Wassingue <\/em><\/strong>ont, elles, l&rsquo;une en quatuor l&rsquo;autre en trio, le tempo et la couleur du jazz. <br>\u00c0 noter que <strong><em>Wassingue<\/em><\/strong> devait s&rsquo;arr\u00eater peu apr\u00e8s la fin du chant, mais les musiciens lors de l&rsquo;enregistrement &#8211; bonheur du \u00ab\u00a0live\u00a0\u00bb &#8211; en ont spontan\u00e9ment d\u00e9cid\u00e9 autrement.<\/p>\n\n\n\n<p><strong><em>Zone inondable<\/em><\/strong> enfin nous fait penser que la Bretagne habite Pascal Aussi<strong> <\/strong>depuis plus longtemps qu&rsquo;il n&rsquo;y demeure. Et quelle bonne id\u00e9e d&rsquo;avoir confi\u00e9 \u00e0 <strong>Melaine Favennec<\/strong> le soin de faire \u00e9cho, face au large, \u00e0 l&rsquo;\u00e2me d\u00e9boussol\u00e9e&#8230; dois-je \u00e9crire du Capitaine ou du chanteur !<\/p>\n\n\n<div class=\"wp-block-image\">\n<figure class=\"aligncenter size-large is-resized\"><img decoding=\"async\" loading=\"lazy\" src=\"https:\/\/pascalaussi.fr\/wp-content\/uploads\/2020\/02\/image-6.png\" alt=\"\" class=\"wp-image-1315\" width=\"132\" height=\"198\" srcset=\"https:\/\/pascalaussi.fr\/wp-content\/uploads\/2020\/02\/image-6.png 508w, https:\/\/pascalaussi.fr\/wp-content\/uploads\/2020\/02\/image-6-199x300.png 199w\" sizes=\"(max-width: 132px) 100vw, 132px\" \/><\/figure><\/div>\n\n\n<p><strong>Pascal Aussi<\/strong> nous offre un album plein de sobri\u00e9t\u00e9, presque d&rsquo;\u00e9pure, mais qui ne manque ni de richesse ni de diversit\u00e9. Il nous confie des choses, on se doute, tr\u00e8s personnelles mais sans jamais rien d\u00e9voiler de priv\u00e9. Et la pr\u00e9sence des autres interpr\u00e8tes ne nous emp\u00eache pas de sentir ce que le propos a de singulier. Il s&rsquo;agit au fond d&rsquo;une r\u00e9flexion sur le Temps, le baluchon du souvenir, l&rsquo;\u00e9clair du pr\u00e9sent et &#8211; tant pis si la formule parait paradoxale &#8211; la nostalgie d\u00e9j\u00e0 de l&rsquo;avenir.<\/p>\n\n\n\n<p><\/p>\n\n\n\n<p>La dur\u00e9e totale de ce CD (une cinquantaine de minutes) et surtout l&rsquo;ind\u00e9niable sinc\u00e9rit\u00e9 qui en \u00e9mane justifient pleinement son titre : c&rsquo;est <em><strong>une heure o\u00f9 plus rien ne ment<\/strong><\/em>.<\/p>\n\n\n<div class=\"wp-block-image\">\n<figure class=\"aligncenter size-large is-resized\"><img decoding=\"async\" loading=\"lazy\" src=\"https:\/\/pascalaussi.fr\/wp-content\/uploads\/2020\/02\/image-1.png\" alt=\"\" class=\"wp-image-1291\" width=\"77\" height=\"151\" srcset=\"https:\/\/pascalaussi.fr\/wp-content\/uploads\/2020\/02\/image-1.png 296w, https:\/\/pascalaussi.fr\/wp-content\/uploads\/2020\/02\/image-1-152x300.png 152w\" sizes=\"(max-width: 77px) 100vw, 77px\" \/><\/figure><\/div>\n\n\n<p><\/p>\n","protected":false},"excerpt":{"rendered":"<p>Instruments utilis\u00e9s accordina bandon\u00e9on balala\u00efka prima balala\u00efka alto balala\u00efka minibasse contrebalala\u00efka basse \u00e9lectrique batterie carillons&nbsp;contrebasse fl\u00fbte \u00e0 bec soprano fl\u00fbte \u00e0 bec t\u00e9nor guitare classique guitare \u00e9lectrique guitare folkguitare jazz orgue piano (s) violon violoncelles H\u00e9lo\u00efse Lefebvre Au commencement \u00e9tait le Verbe\u2026 Le com\u00e9dien Bernard Meulien enregistre le po\u00e8me Le Temps est un oiseau qui &hellip; <a href=\"https:\/\/pascalaussi.fr\/index.php\/lenregistrement\/\" class=\"more-link\">Continuer la lecture de <span class=\"screen-reader-text\">le son<\/span><\/a><\/p>\n","protected":false},"author":2,"featured_media":0,"parent":0,"menu_order":0,"comment_status":"closed","ping_status":"closed","template":"","meta":[],"_links":{"self":[{"href":"https:\/\/pascalaussi.fr\/index.php\/wp-json\/wp\/v2\/pages\/999"}],"collection":[{"href":"https:\/\/pascalaussi.fr\/index.php\/wp-json\/wp\/v2\/pages"}],"about":[{"href":"https:\/\/pascalaussi.fr\/index.php\/wp-json\/wp\/v2\/types\/page"}],"author":[{"embeddable":true,"href":"https:\/\/pascalaussi.fr\/index.php\/wp-json\/wp\/v2\/users\/2"}],"replies":[{"embeddable":true,"href":"https:\/\/pascalaussi.fr\/index.php\/wp-json\/wp\/v2\/comments?post=999"}],"version-history":[{"count":86,"href":"https:\/\/pascalaussi.fr\/index.php\/wp-json\/wp\/v2\/pages\/999\/revisions"}],"predecessor-version":[{"id":3437,"href":"https:\/\/pascalaussi.fr\/index.php\/wp-json\/wp\/v2\/pages\/999\/revisions\/3437"}],"wp:attachment":[{"href":"https:\/\/pascalaussi.fr\/index.php\/wp-json\/wp\/v2\/media?parent=999"}],"curies":[{"name":"wp","href":"https:\/\/api.w.org\/{rel}","templated":true}]}}